{"id":767,"date":"2023-11-15T14:01:10","date_gmt":"2023-11-15T13:01:10","guid":{"rendered":"https:\/\/koloristika.eu\/?post_type=product&#038;p=767"},"modified":"2023-12-19T09:27:41","modified_gmt":"2023-12-19T08:27:41","slug":"online-color-analysis-transformation-kopia-kopia-kopia-kopia-2","status":"publish","type":"product","link":"https:\/\/koloristika.eu\/en\/produkt\/online-color-analysis-transformation-kopia-kopia-kopia-kopia-2\/","title":{"rendered":"Gift voucher &#8211; Personal color analysis for 2 people \u2013 TRANSFORMATION"},"content":{"rendered":"[vc_row type=&#8221;in_container&#8221; full_screen_row_position=&#8221;middle&#8221; column_margin=&#8221;default&#8221; equal_height=&#8221;yes&#8221; column_direction=&#8221;default&#8221; column_direction_tablet=&#8221;default&#8221; column_direction_phone=&#8221;default&#8221; scene_position=&#8221;center&#8221; text_color=&#8221;dark&#8221; text_align=&#8221;left&#8221; row_border_radius=&#8221;none&#8221; row_border_radius_applies=&#8221;bg&#8221; overflow=&#8221;visible&#8221; id=&#8221;tipy&#8221; overlay_strength=&#8221;0.3&#8243; gradient_direction=&#8221;left_to_right&#8221; shape_divider_position=&#8221;bottom&#8221; bg_image_animation=&#8221;none&#8221; gradient_type=&#8221;default&#8221; shape_type=&#8221;&#8221;][vc_column column_padding=&#8221;no-extra-padding&#8221; column_padding_tablet=&#8221;inherit&#8221; column_padding_phone=&#8221;inherit&#8221; column_padding_position=&#8221;all&#8221; column_element_direction_desktop=&#8221;default&#8221; column_element_spacing=&#8221;default&#8221; desktop_text_alignment=&#8221;default&#8221; tablet_text_alignment=&#8221;default&#8221; phone_text_alignment=&#8221;default&#8221; sticky_content=&#8221;true&#8221; sticky_content_functionality=&#8221;js&#8221; background_color_opacity=&#8221;1&#8243; background_hover_color_opacity=&#8221;1&#8243; column_backdrop_filter=&#8221;none&#8221; column_shadow=&#8221;none&#8221; column_border_radius=&#8221;none&#8221; column_link_target=&#8221;_self&#8221; column_position=&#8221;default&#8221; gradient_direction=&#8221;left_to_right&#8221; overlay_strength=&#8221;0.3&#8243; width=&#8221;1\/1&#8243; tablet_width_inherit=&#8221;default&#8221; animation_type=&#8221;default&#8221; bg_image_animation=&#8221;none&#8221; border_type=&#8221;simple&#8221; column_border_width=&#8221;none&#8221; column_border_style=&#8221;solid&#8221; column_padding_type=&#8221;default&#8221; gradient_type=&#8221;default&#8221;][split_line_heading animation_type=&#8221;line-reveal-by-space&#8221; font_style=&#8221;h3&#8243; line_reveal_by_space_text_effect=&#8221;default&#8221; stagger_animation=&#8221;true&#8221; content_alignment=&#8221;default&#8221; mobile_content_alignment=&#8221;inherit&#8221; link_target=&#8221;_self&#8221; text_content=&#8221;Contains:&#8221;][\/split_line_heading][vc_column_text]Questionnaire to find out the color period of your personality (sent before the consultation). Finding your undertones, contrast, best neutrals, best colors, your color type based on 12 subcategories. In addition, we will discuss potential hair colors, try different lipsticks and try out makeup shades.<\/p>\n<p><strong>What you get after the consultation:<\/strong><\/p>\n<ul>\n<li>Summary of important information from the consultation.<\/li>\n<li>A physical palette of colors according to your type, with more than 50 colors.<\/li>\n<li>A mini e-book that contains basic information about your color type, several color combinations of clothing, what colors to avoid, what patterns to wear, several makeup colors, hair color inspirations.<\/li>\n<li>A digital palette with more than 60 colors and with more than 15 color combinations of clothes based on your subcategory.<\/li>\n<li>A digital hair color palette with the specific colors and numbers of your subcategory, which you can review with your hairdresser.<\/li>\n<li><strong>A digital palette that contains color combinations according to 7 different clothing styles, according to your subcategory. It is a great helper to create a capsule wardrobe.<\/strong><\/li>\n<li><strong>A digital palette for creating 100 clothing combinations, according to your subcategory. It includes the use of a neutral color, a base color and an accent color. Ideal for creating outfits.<\/strong><\/li>\n<li><strong>A digital palette with the colors of the best shades of lipstick according to your subcategory.<\/strong><\/li>\n<\/ul>\n[\/vc_column_text][\/vc_column][\/vc_row]\n","protected":false},"excerpt":{"rendered":"<p>Personal color analysis in Martin or by agreement in a selected city.<\/p>\n<p>After receiving your order, we will contact you by e-mail regarding the choice of a digital or physical gift voucher, which will then be sent to your e-mail or address.<\/p>\n","protected":false},"featured_media":738,"comment_status":"closed","ping_status":"closed","template":"","meta":[],"product_cat":[31,33],"product_tag":[],"class_list":{"0":"post-767","1":"product","2":"type-product","3":"status-publish","4":"has-post-thumbnail","6":"product_cat-gift-vouchers","7":"product_cat-personal-color-analysis","9":"first","10":"instock","11":"taxable","12":"shipping-taxable","13":"purchasable","14":"product-type-simple"},"yoast_head":"<!-- This site is optimized with the Yoast SEO Premium plugin v24.1 (Yoast SEO v25.8) - https:\/\/yoast.com\/wordpress\/plugins\/seo\/ -->\n<title>Gift voucher - Personal color analysis for 2 people \u2013 TRANSFORMATION | Koloristika<\/title>\n<meta name=\"robots\" content=\"index, follow, max-snippet:-1, max-image-preview:large, max-video-preview:-1\" \/>\n<link rel=\"canonical\" href=\"https:\/\/koloristika.eu\/en\/produkt\/online-color-analysis-transformation-kopia-kopia-kopia-kopia-2\/\" \/>\n<meta property=\"og:locale\" content=\"en_US\" \/>\n<meta property=\"og:type\" content=\"article\" \/>\n<meta property=\"og:title\" content=\"Gift voucher - Personal color analysis for 2 people \u2013 TRANSFORMATION\" \/>\n<meta property=\"og:description\" content=\"Personal color analysis in Martin or by agreement in a selected city.  After receiving your order, we will contact you by e-mail regarding the choice of a digital or physical gift voucher, which will then be sent to your e-mail or address.\" \/>\n<meta property=\"og:url\" content=\"https:\/\/koloristika.eu\/en\/produkt\/online-color-analysis-transformation-kopia-kopia-kopia-kopia-2\/\" \/>\n<meta property=\"og:site_name\" content=\"Koloristika\" \/>\n<meta property=\"article:publisher\" content=\"https:\/\/www.facebook.com\/koloristika.eu\" \/>\n<meta property=\"article:modified_time\" content=\"2023-12-19T08:27:41+00:00\" \/>\n<meta property=\"og:image\" content=\"https:\/\/koloristika.eu\/wp-content\/uploads\/2023\/11\/Darcekovy-poukaz.png\" \/>\n\t<meta property=\"og:image:width\" content=\"1748\" \/>\n\t<meta property=\"og:image:height\" content=\"1240\" \/>\n\t<meta property=\"og:image:type\" content=\"image\/png\" \/>\n<meta name=\"twitter:card\" content=\"summary_large_image\" \/>\n<meta name=\"twitter:label1\" content=\"Est. reading time\" \/>\n\t<meta name=\"twitter:data1\" content=\"2 minutes\" \/>\n<script type=\"application\/ld+json\" class=\"yoast-schema-graph\">{\"@context\":\"https:\/\/schema.org\",\"@graph\":[{\"@type\":\"WebPage\",\"@id\":\"https:\/\/koloristika.eu\/en\/produkt\/online-color-analysis-transformation-kopia-kopia-kopia-kopia-2\/\",\"url\":\"https:\/\/koloristika.eu\/en\/produkt\/online-color-analysis-transformation-kopia-kopia-kopia-kopia-2\/\",\"name\":\"Gift voucher - Personal color analysis for 2 people \u2013 TRANSFORMATION | Koloristika\",\"isPartOf\":{\"@id\":\"https:\/\/koloristika.eu\/en\/#website\"},\"primaryImageOfPage\":{\"@id\":\"https:\/\/koloristika.eu\/en\/produkt\/online-color-analysis-transformation-kopia-kopia-kopia-kopia-2\/#primaryimage\"},\"image\":{\"@id\":\"https:\/\/koloristika.eu\/en\/produkt\/online-color-analysis-transformation-kopia-kopia-kopia-kopia-2\/#primaryimage\"},\"thumbnailUrl\":\"https:\/\/koloristika.eu\/wp-content\/uploads\/2023\/11\/Darcekovy-poukaz.png\",\"datePublished\":\"2023-11-15T13:01:10+00:00\",\"dateModified\":\"2023-12-19T08:27:41+00:00\",\"breadcrumb\":{\"@id\":\"https:\/\/koloristika.eu\/en\/produkt\/online-color-analysis-transformation-kopia-kopia-kopia-kopia-2\/#breadcrumb\"},\"inLanguage\":\"en-US\",\"potentialAction\":[{\"@type\":\"ReadAction\",\"target\":[\"https:\/\/koloristika.eu\/en\/produkt\/online-color-analysis-transformation-kopia-kopia-kopia-kopia-2\/\"]}]},{\"@type\":\"ImageObject\",\"inLanguage\":\"en-US\",\"@id\":\"https:\/\/koloristika.eu\/en\/produkt\/online-color-analysis-transformation-kopia-kopia-kopia-kopia-2\/#primaryimage\",\"url\":\"https:\/\/koloristika.eu\/wp-content\/uploads\/2023\/11\/Darcekovy-poukaz.png\",\"contentUrl\":\"https:\/\/koloristika.eu\/wp-content\/uploads\/2023\/11\/Darcekovy-poukaz.png\",\"width\":1748,\"height\":1240},{\"@type\":\"BreadcrumbList\",\"@id\":\"https:\/\/koloristika.eu\/en\/produkt\/online-color-analysis-transformation-kopia-kopia-kopia-kopia-2\/#breadcrumb\",\"itemListElement\":[{\"@type\":\"ListItem\",\"position\":1,\"name\":\"Home\",\"item\":\"https:\/\/koloristika.eu\/en\/\"},{\"@type\":\"ListItem\",\"position\":2,\"name\":\"Shop\",\"item\":\"https:\/\/koloristika.eu\/en\/shop\/\"},{\"@type\":\"ListItem\",\"position\":3,\"name\":\"Gift voucher &#8211; Personal color analysis for 2 people \u2013 TRANSFORMATION\"}]},{\"@type\":\"WebSite\",\"@id\":\"https:\/\/koloristika.eu\/en\/#website\",\"url\":\"https:\/\/koloristika.eu\/en\/\",\"name\":\"Koloristika s Barborou\",\"description\":\"Nechajte za\u017eiari\u0165 svoju prirodzen\u00fa kr\u00e1su!\",\"publisher\":{\"@id\":\"https:\/\/koloristika.eu\/en\/#organization\"},\"alternateName\":\"Koloristika.eu\",\"potentialAction\":[{\"@type\":\"SearchAction\",\"target\":{\"@type\":\"EntryPoint\",\"urlTemplate\":\"https:\/\/koloristika.eu\/en\/?s={search_term_string}\"},\"query-input\":{\"@type\":\"PropertyValueSpecification\",\"valueRequired\":true,\"valueName\":\"search_term_string\"}}],\"inLanguage\":\"en-US\"},{\"@type\":\"Organization\",\"@id\":\"https:\/\/koloristika.eu\/en\/#organization\",\"name\":\"Koloristika s Barborou\",\"alternateName\":\"Koloristika.eu\",\"url\":\"https:\/\/koloristika.eu\/en\/\",\"logo\":{\"@type\":\"ImageObject\",\"inLanguage\":\"en-US\",\"@id\":\"https:\/\/koloristika.eu\/en\/#\/schema\/logo\/image\/\",\"url\":\"https:\/\/koloristika.eu\/wp-content\/uploads\/2023\/05\/koloristika-logo-google.jpg\",\"contentUrl\":\"https:\/\/koloristika.eu\/wp-content\/uploads\/2023\/05\/koloristika-logo-google.jpg\",\"width\":1080,\"height\":1080,\"caption\":\"Koloristika s Barborou\"},\"image\":{\"@id\":\"https:\/\/koloristika.eu\/en\/#\/schema\/logo\/image\/\"},\"sameAs\":[\"https:\/\/www.facebook.com\/koloristika.eu\",\"https:\/\/youtube.com\/@KoloristikasBarborou\",\"https:\/\/instagram.com\/koloristika.eu?igshid=NGExMmI2YTkyZg==\"]}]}<\/script>\n<!-- \/ Yoast SEO Premium plugin. -->","yoast_head_json":{"title":"Gift voucher - Personal color analysis for 2 people \u2013 TRANSFORMATION | Koloristika","robots":{"index":"index","follow":"follow","max-snippet":"max-snippet:-1","max-image-preview":"max-image-preview:large","max-video-preview":"max-video-preview:-1"},"canonical":"https:\/\/koloristika.eu\/en\/produkt\/online-color-analysis-transformation-kopia-kopia-kopia-kopia-2\/","og_locale":"en_US","og_type":"article","og_title":"Gift voucher - Personal color analysis for 2 people \u2013 TRANSFORMATION","og_description":"Personal color analysis in Martin or by agreement in a selected city.  After receiving your order, we will contact you by e-mail regarding the choice of a digital or physical gift voucher, which will then be sent to your e-mail or address.","og_url":"https:\/\/koloristika.eu\/en\/produkt\/online-color-analysis-transformation-kopia-kopia-kopia-kopia-2\/","og_site_name":"Koloristika","article_publisher":"https:\/\/www.facebook.com\/koloristika.eu","article_modified_time":"2023-12-19T08:27:41+00:00","og_image":[{"width":1748,"height":1240,"url":"https:\/\/koloristika.eu\/wp-content\/uploads\/2023\/11\/Darcekovy-poukaz.png","type":"image\/png"}],"twitter_card":"summary_large_image","twitter_misc":{"Est. reading time":"2 minutes"},"schema":{"@context":"https:\/\/schema.org","@graph":[{"@type":"WebPage","@id":"https:\/\/koloristika.eu\/en\/produkt\/online-color-analysis-transformation-kopia-kopia-kopia-kopia-2\/","url":"https:\/\/koloristika.eu\/en\/produkt\/online-color-analysis-transformation-kopia-kopia-kopia-kopia-2\/","name":"Gift voucher - Personal color analysis for 2 people \u2013 TRANSFORMATION | Koloristika","isPartOf":{"@id":"https:\/\/koloristika.eu\/en\/#website"},"primaryImageOfPage":{"@id":"https:\/\/koloristika.eu\/en\/produkt\/online-color-analysis-transformation-kopia-kopia-kopia-kopia-2\/#primaryimage"},"image":{"@id":"https:\/\/koloristika.eu\/en\/produkt\/online-color-analysis-transformation-kopia-kopia-kopia-kopia-2\/#primaryimage"},"thumbnailUrl":"https:\/\/koloristika.eu\/wp-content\/uploads\/2023\/11\/Darcekovy-poukaz.png","datePublished":"2023-11-15T13:01:10+00:00","dateModified":"2023-12-19T08:27:41+00:00","breadcrumb":{"@id":"https:\/\/koloristika.eu\/en\/produkt\/online-color-analysis-transformation-kopia-kopia-kopia-kopia-2\/#breadcrumb"},"inLanguage":"en-US","potentialAction":[{"@type":"ReadAction","target":["https:\/\/koloristika.eu\/en\/produkt\/online-color-analysis-transformation-kopia-kopia-kopia-kopia-2\/"]}]},{"@type":"ImageObject","inLanguage":"en-US","@id":"https:\/\/koloristika.eu\/en\/produkt\/online-color-analysis-transformation-kopia-kopia-kopia-kopia-2\/#primaryimage","url":"https:\/\/koloristika.eu\/wp-content\/uploads\/2023\/11\/Darcekovy-poukaz.png","contentUrl":"https:\/\/koloristika.eu\/wp-content\/uploads\/2023\/11\/Darcekovy-poukaz.png","width":1748,"height":1240},{"@type":"BreadcrumbList","@id":"https:\/\/koloristika.eu\/en\/produkt\/online-color-analysis-transformation-kopia-kopia-kopia-kopia-2\/#breadcrumb","itemListElement":[{"@type":"ListItem","position":1,"name":"Home","item":"https:\/\/koloristika.eu\/en\/"},{"@type":"ListItem","position":2,"name":"Shop","item":"https:\/\/koloristika.eu\/en\/shop\/"},{"@type":"ListItem","position":3,"name":"Gift voucher &#8211; Personal color analysis for 2 people \u2013 TRANSFORMATION"}]},{"@type":"WebSite","@id":"https:\/\/koloristika.eu\/en\/#website","url":"https:\/\/koloristika.eu\/en\/","name":"Koloristika s Barborou","description":"Nechajte za\u017eiari\u0165 svoju prirodzen\u00fa kr\u00e1su!","publisher":{"@id":"https:\/\/koloristika.eu\/en\/#organization"},"alternateName":"Koloristika.eu","potentialAction":[{"@type":"SearchAction","target":{"@type":"EntryPoint","urlTemplate":"https:\/\/koloristika.eu\/en\/?s={search_term_string}"},"query-input":{"@type":"PropertyValueSpecification","valueRequired":true,"valueName":"search_term_string"}}],"inLanguage":"en-US"},{"@type":"Organization","@id":"https:\/\/koloristika.eu\/en\/#organization","name":"Koloristika s Barborou","alternateName":"Koloristika.eu","url":"https:\/\/koloristika.eu\/en\/","logo":{"@type":"ImageObject","inLanguage":"en-US","@id":"https:\/\/koloristika.eu\/en\/#\/schema\/logo\/image\/","url":"https:\/\/koloristika.eu\/wp-content\/uploads\/2023\/05\/koloristika-logo-google.jpg","contentUrl":"https:\/\/koloristika.eu\/wp-content\/uploads\/2023\/05\/koloristika-logo-google.jpg","width":1080,"height":1080,"caption":"Koloristika s Barborou"},"image":{"@id":"https:\/\/koloristika.eu\/en\/#\/schema\/logo\/image\/"},"sameAs":["https:\/\/www.facebook.com\/koloristika.eu","https:\/\/youtube.com\/@KoloristikasBarborou","https:\/\/instagram.com\/koloristika.eu?igshid=NGExMmI2YTkyZg=="]}]}},"_links":{"self":[{"href":"https:\/\/koloristika.eu\/en\/wp-json\/wp\/v2\/product\/767","targetHints":{"allow":["GET"]}}],"collection":[{"href":"https:\/\/koloristika.eu\/en\/wp-json\/wp\/v2\/product"}],"about":[{"href":"https:\/\/koloristika.eu\/en\/wp-json\/wp\/v2\/types\/product"}],"replies":[{"embeddable":true,"href":"https:\/\/koloristika.eu\/en\/wp-json\/wp\/v2\/comments?post=767"}],"wp:featuredmedia":[{"embeddable":true,"href":"https:\/\/koloristika.eu\/en\/wp-json\/wp\/v2\/media\/738"}],"wp:attachment":[{"href":"https:\/\/koloristika.eu\/en\/wp-json\/wp\/v2\/media?parent=767"}],"wp:term":[{"taxonomy":"product_cat","embeddable":true,"href":"https:\/\/koloristika.eu\/en\/wp-json\/wp\/v2\/product_cat?post=767"},{"taxonomy":"product_tag","embeddable":true,"href":"https:\/\/koloristika.eu\/en\/wp-json\/wp\/v2\/product_tag?post=767"}],"curies":[{"name":"wp","href":"https:\/\/api.w.org\/{rel}","templated":true}]}}