{"id":748,"date":"2023-11-15T13:23:05","date_gmt":"2023-11-15T12:23:05","guid":{"rendered":"https:\/\/koloristika.eu\/?post_type=product&#038;p=748"},"modified":"2023-12-29T08:26:23","modified_gmt":"2023-12-29T07:26:23","slug":"online-color-analysis-transformation-kopia-kopia-kopia-6","status":"publish","type":"product","link":"https:\/\/koloristika.eu\/en\/produkt\/online-color-analysis-transformation-kopia-kopia-kopia-6\/","title":{"rendered":"Christmas gift voucher &#8211; Online color analysis &#8211; TRANSFORMATION"},"content":{"rendered":"[vc_row type=&#8221;in_container&#8221; full_screen_row_position=&#8221;middle&#8221; column_margin=&#8221;default&#8221; equal_height=&#8221;yes&#8221; column_direction=&#8221;default&#8221; column_direction_tablet=&#8221;default&#8221; column_direction_phone=&#8221;default&#8221; scene_position=&#8221;center&#8221; text_color=&#8221;dark&#8221; text_align=&#8221;left&#8221; row_border_radius=&#8221;none&#8221; row_border_radius_applies=&#8221;bg&#8221; overflow=&#8221;visible&#8221; id=&#8221;tipy&#8221; overlay_strength=&#8221;0.3&#8243; gradient_direction=&#8221;left_to_right&#8221; shape_divider_position=&#8221;bottom&#8221; bg_image_animation=&#8221;none&#8221; gradient_type=&#8221;default&#8221; shape_type=&#8221;&#8221;][vc_column column_padding=&#8221;no-extra-padding&#8221; column_padding_tablet=&#8221;inherit&#8221; column_padding_phone=&#8221;inherit&#8221; column_padding_position=&#8221;all&#8221; column_element_direction_desktop=&#8221;default&#8221; column_element_spacing=&#8221;default&#8221; desktop_text_alignment=&#8221;default&#8221; tablet_text_alignment=&#8221;default&#8221; phone_text_alignment=&#8221;default&#8221; sticky_content=&#8221;true&#8221; sticky_content_functionality=&#8221;js&#8221; background_color_opacity=&#8221;1&#8243; background_hover_color_opacity=&#8221;1&#8243; column_backdrop_filter=&#8221;none&#8221; column_shadow=&#8221;none&#8221; column_border_radius=&#8221;none&#8221; column_link_target=&#8221;_self&#8221; column_position=&#8221;default&#8221; gradient_direction=&#8221;left_to_right&#8221; overlay_strength=&#8221;0.3&#8243; width=&#8221;1\/1&#8243; tablet_width_inherit=&#8221;default&#8221; animation_type=&#8221;default&#8221; bg_image_animation=&#8221;none&#8221; border_type=&#8221;simple&#8221; column_border_width=&#8221;none&#8221; column_border_style=&#8221;solid&#8221; column_padding_type=&#8221;default&#8221; gradient_type=&#8221;default&#8221;][split_line_heading animation_type=&#8221;line-reveal-by-space&#8221; font_style=&#8221;h3&#8243; line_reveal_by_space_text_effect=&#8221;default&#8221; stagger_animation=&#8221;true&#8221; content_alignment=&#8221;default&#8221; mobile_content_alignment=&#8221;inherit&#8221; link_target=&#8221;_self&#8221; text_content=&#8221;Contains:&#8221;][\/split_line_heading][vc_column_text]Finding your undertones, contrast, your color type based on 12 subcategories.<\/p>\n<p><strong>What you get after the consultation:<\/strong><\/p>\n<ul>\n<li>An attachment that contains an overview of your natural coloring.<\/li>\n<li>A mini e-book that contains basic information about your color type, several color combinations of clothing, what colors to avoid, what patterns to wear, several makeup colors, hair color inspirations.<\/li>\n<li>A digital palette with more than 60 colors and with more than 15 color combinations of clothes based on your subcategory.<\/li>\n<li>A physical palette of colors according to your type, with more than 50 colors (sent to your address).<\/li>\n<li>A digital hair color palette with the specific colors and numbers of your subcategory, which you can review with your hairdresser.<\/li>\n<li>A digital palette that contains color combinations according to 7 different clothing styles, according to your subcategory. It is a great helper to create a capsule wardrobe.<\/li>\n<li>A digital palette for creating 100 clothing combinations, according to your subcategory. It includes the use of a neutral color, a base color and an accent color. Ideal for creating outfits.<\/li>\n<li>A digital color palette with the colors of the best lipstick shades according to your subcategory.<\/li>\n<\/ul>\n[\/vc_column_text][\/vc_column][\/vc_row]\n","protected":false},"excerpt":{"rendered":"<p>After receiving your order, we will contact you by e-mail regarding the choice of a digital or physical gift voucher, which will then be sent to your e-mail or address.<\/p>\n","protected":false},"featured_media":736,"comment_status":"closed","ping_status":"closed","template":"","meta":[],"product_cat":[31,32],"product_tag":[],"class_list":{"0":"post-748","1":"product","2":"type-product","3":"status-publish","4":"has-post-thumbnail","6":"product_cat-gift-vouchers","7":"product_cat-online-color-analysis","9":"first","10":"instock","11":"taxable","12":"shipping-taxable","13":"purchasable","14":"product-type-simple"},"yoast_head":"<!-- This site is optimized with the Yoast SEO Premium plugin v24.1 (Yoast SEO v25.8) - https:\/\/yoast.com\/wordpress\/plugins\/seo\/ -->\n<title>Christmas gift voucher - Online color analysis - TRANSFORMATION | Koloristika<\/title>\n<meta name=\"robots\" content=\"index, follow, max-snippet:-1, max-image-preview:large, max-video-preview:-1\" \/>\n<link rel=\"canonical\" href=\"https:\/\/koloristika.eu\/en\/produkt\/online-color-analysis-transformation-kopia-kopia-kopia-6\/\" \/>\n<meta property=\"og:locale\" content=\"en_US\" \/>\n<meta property=\"og:type\" content=\"article\" \/>\n<meta property=\"og:title\" content=\"Christmas gift voucher - Online color analysis - TRANSFORMATION\" \/>\n<meta property=\"og:description\" content=\"After receiving your order, we will contact you by e-mail regarding the choice of a digital or physical gift voucher, which will then be sent to your e-mail or address.\" \/>\n<meta property=\"og:url\" content=\"https:\/\/koloristika.eu\/en\/produkt\/online-color-analysis-transformation-kopia-kopia-kopia-6\/\" \/>\n<meta property=\"og:site_name\" content=\"Koloristika\" \/>\n<meta property=\"article:publisher\" content=\"https:\/\/www.facebook.com\/koloristika.eu\" \/>\n<meta property=\"article:modified_time\" content=\"2023-12-29T07:26:23+00:00\" \/>\n<meta property=\"og:image\" content=\"https:\/\/koloristika.eu\/wp-content\/uploads\/2023\/11\/Darcekovy-poukaz-vianoce.png\" \/>\n\t<meta property=\"og:image:width\" content=\"1748\" \/>\n\t<meta property=\"og:image:height\" content=\"1240\" \/>\n\t<meta property=\"og:image:type\" content=\"image\/png\" \/>\n<meta name=\"twitter:card\" content=\"summary_large_image\" \/>\n<meta name=\"twitter:label1\" content=\"Est. reading time\" \/>\n\t<meta name=\"twitter:data1\" content=\"3 minutes\" \/>\n<script type=\"application\/ld+json\" class=\"yoast-schema-graph\">{\"@context\":\"https:\/\/schema.org\",\"@graph\":[{\"@type\":\"WebPage\",\"@id\":\"https:\/\/koloristika.eu\/en\/produkt\/online-color-analysis-transformation-kopia-kopia-kopia-6\/\",\"url\":\"https:\/\/koloristika.eu\/en\/produkt\/online-color-analysis-transformation-kopia-kopia-kopia-6\/\",\"name\":\"Christmas gift voucher - Online color analysis - TRANSFORMATION | Koloristika\",\"isPartOf\":{\"@id\":\"https:\/\/koloristika.eu\/en\/#website\"},\"primaryImageOfPage\":{\"@id\":\"https:\/\/koloristika.eu\/en\/produkt\/online-color-analysis-transformation-kopia-kopia-kopia-6\/#primaryimage\"},\"image\":{\"@id\":\"https:\/\/koloristika.eu\/en\/produkt\/online-color-analysis-transformation-kopia-kopia-kopia-6\/#primaryimage\"},\"thumbnailUrl\":\"https:\/\/koloristika.eu\/wp-content\/uploads\/2023\/11\/Darcekovy-poukaz-vianoce.png\",\"datePublished\":\"2023-11-15T12:23:05+00:00\",\"dateModified\":\"2023-12-29T07:26:23+00:00\",\"breadcrumb\":{\"@id\":\"https:\/\/koloristika.eu\/en\/produkt\/online-color-analysis-transformation-kopia-kopia-kopia-6\/#breadcrumb\"},\"inLanguage\":\"en-US\",\"potentialAction\":[{\"@type\":\"ReadAction\",\"target\":[\"https:\/\/koloristika.eu\/en\/produkt\/online-color-analysis-transformation-kopia-kopia-kopia-6\/\"]}]},{\"@type\":\"ImageObject\",\"inLanguage\":\"en-US\",\"@id\":\"https:\/\/koloristika.eu\/en\/produkt\/online-color-analysis-transformation-kopia-kopia-kopia-6\/#primaryimage\",\"url\":\"https:\/\/koloristika.eu\/wp-content\/uploads\/2023\/11\/Darcekovy-poukaz-vianoce.png\",\"contentUrl\":\"https:\/\/koloristika.eu\/wp-content\/uploads\/2023\/11\/Darcekovy-poukaz-vianoce.png\",\"width\":1748,\"height\":1240},{\"@type\":\"BreadcrumbList\",\"@id\":\"https:\/\/koloristika.eu\/en\/produkt\/online-color-analysis-transformation-kopia-kopia-kopia-6\/#breadcrumb\",\"itemListElement\":[{\"@type\":\"ListItem\",\"position\":1,\"name\":\"Home\",\"item\":\"https:\/\/koloristika.eu\/en\/\"},{\"@type\":\"ListItem\",\"position\":2,\"name\":\"Shop\",\"item\":\"https:\/\/koloristika.eu\/en\/shop\/\"},{\"@type\":\"ListItem\",\"position\":3,\"name\":\"Christmas gift voucher &#8211; Online color analysis &#8211; TRANSFORMATION\"}]},{\"@type\":\"WebSite\",\"@id\":\"https:\/\/koloristika.eu\/en\/#website\",\"url\":\"https:\/\/koloristika.eu\/en\/\",\"name\":\"Koloristika s Barborou\",\"description\":\"Nechajte za\u017eiari\u0165 svoju prirodzen\u00fa kr\u00e1su!\",\"publisher\":{\"@id\":\"https:\/\/koloristika.eu\/en\/#organization\"},\"alternateName\":\"Koloristika.eu\",\"potentialAction\":[{\"@type\":\"SearchAction\",\"target\":{\"@type\":\"EntryPoint\",\"urlTemplate\":\"https:\/\/koloristika.eu\/en\/?s={search_term_string}\"},\"query-input\":{\"@type\":\"PropertyValueSpecification\",\"valueRequired\":true,\"valueName\":\"search_term_string\"}}],\"inLanguage\":\"en-US\"},{\"@type\":\"Organization\",\"@id\":\"https:\/\/koloristika.eu\/en\/#organization\",\"name\":\"Koloristika s Barborou\",\"alternateName\":\"Koloristika.eu\",\"url\":\"https:\/\/koloristika.eu\/en\/\",\"logo\":{\"@type\":\"ImageObject\",\"inLanguage\":\"en-US\",\"@id\":\"https:\/\/koloristika.eu\/en\/#\/schema\/logo\/image\/\",\"url\":\"https:\/\/koloristika.eu\/wp-content\/uploads\/2023\/05\/koloristika-logo-google.jpg\",\"contentUrl\":\"https:\/\/koloristika.eu\/wp-content\/uploads\/2023\/05\/koloristika-logo-google.jpg\",\"width\":1080,\"height\":1080,\"caption\":\"Koloristika s Barborou\"},\"image\":{\"@id\":\"https:\/\/koloristika.eu\/en\/#\/schema\/logo\/image\/\"},\"sameAs\":[\"https:\/\/www.facebook.com\/koloristika.eu\",\"https:\/\/youtube.com\/@KoloristikasBarborou\",\"https:\/\/instagram.com\/koloristika.eu?igshid=NGExMmI2YTkyZg==\"]}]}<\/script>\n<!-- \/ Yoast SEO Premium plugin. -->","yoast_head_json":{"title":"Christmas gift voucher - Online color analysis - TRANSFORMATION | Koloristika","robots":{"index":"index","follow":"follow","max-snippet":"max-snippet:-1","max-image-preview":"max-image-preview:large","max-video-preview":"max-video-preview:-1"},"canonical":"https:\/\/koloristika.eu\/en\/produkt\/online-color-analysis-transformation-kopia-kopia-kopia-6\/","og_locale":"en_US","og_type":"article","og_title":"Christmas gift voucher - Online color analysis - TRANSFORMATION","og_description":"After receiving your order, we will contact you by e-mail regarding the choice of a digital or physical gift voucher, which will then be sent to your e-mail or address.","og_url":"https:\/\/koloristika.eu\/en\/produkt\/online-color-analysis-transformation-kopia-kopia-kopia-6\/","og_site_name":"Koloristika","article_publisher":"https:\/\/www.facebook.com\/koloristika.eu","article_modified_time":"2023-12-29T07:26:23+00:00","og_image":[{"width":1748,"height":1240,"url":"https:\/\/koloristika.eu\/wp-content\/uploads\/2023\/11\/Darcekovy-poukaz-vianoce.png","type":"image\/png"}],"twitter_card":"summary_large_image","twitter_misc":{"Est. reading time":"3 minutes"},"schema":{"@context":"https:\/\/schema.org","@graph":[{"@type":"WebPage","@id":"https:\/\/koloristika.eu\/en\/produkt\/online-color-analysis-transformation-kopia-kopia-kopia-6\/","url":"https:\/\/koloristika.eu\/en\/produkt\/online-color-analysis-transformation-kopia-kopia-kopia-6\/","name":"Christmas gift voucher - Online color analysis - TRANSFORMATION | Koloristika","isPartOf":{"@id":"https:\/\/koloristika.eu\/en\/#website"},"primaryImageOfPage":{"@id":"https:\/\/koloristika.eu\/en\/produkt\/online-color-analysis-transformation-kopia-kopia-kopia-6\/#primaryimage"},"image":{"@id":"https:\/\/koloristika.eu\/en\/produkt\/online-color-analysis-transformation-kopia-kopia-kopia-6\/#primaryimage"},"thumbnailUrl":"https:\/\/koloristika.eu\/wp-content\/uploads\/2023\/11\/Darcekovy-poukaz-vianoce.png","datePublished":"2023-11-15T12:23:05+00:00","dateModified":"2023-12-29T07:26:23+00:00","breadcrumb":{"@id":"https:\/\/koloristika.eu\/en\/produkt\/online-color-analysis-transformation-kopia-kopia-kopia-6\/#breadcrumb"},"inLanguage":"en-US","potentialAction":[{"@type":"ReadAction","target":["https:\/\/koloristika.eu\/en\/produkt\/online-color-analysis-transformation-kopia-kopia-kopia-6\/"]}]},{"@type":"ImageObject","inLanguage":"en-US","@id":"https:\/\/koloristika.eu\/en\/produkt\/online-color-analysis-transformation-kopia-kopia-kopia-6\/#primaryimage","url":"https:\/\/koloristika.eu\/wp-content\/uploads\/2023\/11\/Darcekovy-poukaz-vianoce.png","contentUrl":"https:\/\/koloristika.eu\/wp-content\/uploads\/2023\/11\/Darcekovy-poukaz-vianoce.png","width":1748,"height":1240},{"@type":"BreadcrumbList","@id":"https:\/\/koloristika.eu\/en\/produkt\/online-color-analysis-transformation-kopia-kopia-kopia-6\/#breadcrumb","itemListElement":[{"@type":"ListItem","position":1,"name":"Home","item":"https:\/\/koloristika.eu\/en\/"},{"@type":"ListItem","position":2,"name":"Shop","item":"https:\/\/koloristika.eu\/en\/shop\/"},{"@type":"ListItem","position":3,"name":"Christmas gift voucher &#8211; Online color analysis &#8211; TRANSFORMATION"}]},{"@type":"WebSite","@id":"https:\/\/koloristika.eu\/en\/#website","url":"https:\/\/koloristika.eu\/en\/","name":"Koloristika s Barborou","description":"Nechajte za\u017eiari\u0165 svoju prirodzen\u00fa kr\u00e1su!","publisher":{"@id":"https:\/\/koloristika.eu\/en\/#organization"},"alternateName":"Koloristika.eu","potentialAction":[{"@type":"SearchAction","target":{"@type":"EntryPoint","urlTemplate":"https:\/\/koloristika.eu\/en\/?s={search_term_string}"},"query-input":{"@type":"PropertyValueSpecification","valueRequired":true,"valueName":"search_term_string"}}],"inLanguage":"en-US"},{"@type":"Organization","@id":"https:\/\/koloristika.eu\/en\/#organization","name":"Koloristika s Barborou","alternateName":"Koloristika.eu","url":"https:\/\/koloristika.eu\/en\/","logo":{"@type":"ImageObject","inLanguage":"en-US","@id":"https:\/\/koloristika.eu\/en\/#\/schema\/logo\/image\/","url":"https:\/\/koloristika.eu\/wp-content\/uploads\/2023\/05\/koloristika-logo-google.jpg","contentUrl":"https:\/\/koloristika.eu\/wp-content\/uploads\/2023\/05\/koloristika-logo-google.jpg","width":1080,"height":1080,"caption":"Koloristika s Barborou"},"image":{"@id":"https:\/\/koloristika.eu\/en\/#\/schema\/logo\/image\/"},"sameAs":["https:\/\/www.facebook.com\/koloristika.eu","https:\/\/youtube.com\/@KoloristikasBarborou","https:\/\/instagram.com\/koloristika.eu?igshid=NGExMmI2YTkyZg=="]}]}},"_links":{"self":[{"href":"https:\/\/koloristika.eu\/en\/wp-json\/wp\/v2\/product\/748","targetHints":{"allow":["GET"]}}],"collection":[{"href":"https:\/\/koloristika.eu\/en\/wp-json\/wp\/v2\/product"}],"about":[{"href":"https:\/\/koloristika.eu\/en\/wp-json\/wp\/v2\/types\/product"}],"replies":[{"embeddable":true,"href":"https:\/\/koloristika.eu\/en\/wp-json\/wp\/v2\/comments?post=748"}],"wp:featuredmedia":[{"embeddable":true,"href":"https:\/\/koloristika.eu\/en\/wp-json\/wp\/v2\/media\/736"}],"wp:attachment":[{"href":"https:\/\/koloristika.eu\/en\/wp-json\/wp\/v2\/media?parent=748"}],"wp:term":[{"taxonomy":"product_cat","embeddable":true,"href":"https:\/\/koloristika.eu\/en\/wp-json\/wp\/v2\/product_cat?post=748"},{"taxonomy":"product_tag","embeddable":true,"href":"https:\/\/koloristika.eu\/en\/wp-json\/wp\/v2\/product_tag?post=748"}],"curies":[{"name":"wp","href":"https:\/\/api.w.org\/{rel}","templated":true}]}}