{"id":724,"date":"2023-11-01T17:04:36","date_gmt":"2023-11-01T16:04:36","guid":{"rendered":"https:\/\/koloristika.eu\/produkt\/online-farebna-analyza-harmonia\/"},"modified":"2023-11-08T18:23:44","modified_gmt":"2023-11-08T17:23:44","slug":"online-colour-analysis-harmony","status":"publish","type":"product","link":"https:\/\/koloristika.eu\/en\/produkt\/online-colour-analysis-harmony\/","title":{"rendered":"Online colour analysis &#8211; HARMONY"},"content":{"rendered":"[vc_row type=&#8221;in_container&#8221; full_screen_row_position=&#8221;middle&#8221; column_margin=&#8221;default&#8221; equal_height=&#8221;yes&#8221; column_direction=&#8221;default&#8221; column_direction_tablet=&#8221;default&#8221; column_direction_phone=&#8221;default&#8221; scene_position=&#8221;center&#8221; text_color=&#8221;dark&#8221; text_align=&#8221;left&#8221; row_border_radius=&#8221;none&#8221; row_border_radius_applies=&#8221;bg&#8221; overflow=&#8221;visible&#8221; id=&#8221;tipy&#8221; overlay_strength=&#8221;0.3&#8243; gradient_direction=&#8221;left_to_right&#8221; shape_divider_position=&#8221;bottom&#8221; bg_image_animation=&#8221;none&#8221; gradient_type=&#8221;default&#8221; shape_type=&#8221;&#8221;][vc_column column_padding=&#8221;no-extra-padding&#8221; column_padding_tablet=&#8221;inherit&#8221; column_padding_phone=&#8221;inherit&#8221; column_padding_position=&#8221;all&#8221; column_element_direction_desktop=&#8221;default&#8221; column_element_spacing=&#8221;default&#8221; desktop_text_alignment=&#8221;default&#8221; tablet_text_alignment=&#8221;default&#8221; phone_text_alignment=&#8221;default&#8221; background_color_opacity=&#8221;1&#8243; background_hover_color_opacity=&#8221;1&#8243; column_backdrop_filter=&#8221;none&#8221; column_shadow=&#8221;none&#8221; column_border_radius=&#8221;none&#8221; column_link_target=&#8221;_self&#8221; column_position=&#8221;default&#8221; gradient_direction=&#8221;left_to_right&#8221; overlay_strength=&#8221;0.3&#8243; width=&#8221;1\/2&#8243; tablet_width_inherit=&#8221;default&#8221; animation_type=&#8221;default&#8221; bg_image_animation=&#8221;none&#8221; border_type=&#8221;simple&#8221; column_border_width=&#8221;none&#8221; column_border_style=&#8221;solid&#8221;][split_line_heading animation_type=&#8221;line-reveal-by-space&#8221; font_style=&#8221;h3&#8243; line_reveal_by_space_text_effect=&#8221;default&#8221; stagger_animation=&#8221;true&#8221; content_alignment=&#8221;default&#8221; mobile_content_alignment=&#8221;inherit&#8221; link_target=&#8221;_self&#8221; text_content=&#8221;Tips:&#8221;][\/split_line_heading][vc_column_text]\n<ul>\n<li>Please take the photo either in front of a window with good lighting or outside (not in direct sunlight). There should be no shadow in the photo.<\/li>\n<li>Look directly into the camera<\/li>\n<li>Do not use self-tanner<\/li>\n<li>Smile in the photo so I can see your teeth.<\/li>\n<\/ul>\n<p>You can attach a photo of yourself dressed according to your current style and taste. After receiving your photos and information, we will make sure we have everything for color analysis, if not, we will contact you for more information or other photos.<\/p>\n<p><strong>All photos and your personalized message will be deleted from our records after you receive your color analysis.<\/strong>[\/vc_column_text][vc_row_inner column_margin=&#8221;default&#8221; column_direction=&#8221;default&#8221; column_direction_tablet=&#8221;default&#8221; column_direction_phone=&#8221;default&#8221; text_align=&#8221;left&#8221; row_position=&#8221;default&#8221; row_position_tablet=&#8221;inherit&#8221; row_position_phone=&#8221;inherit&#8221; overflow=&#8221;visible&#8221; pointer_events=&#8221;all&#8221;][vc_column_inner column_padding=&#8221;no-extra-padding&#8221; column_padding_tablet=&#8221;inherit&#8221; column_padding_phone=&#8221;inherit&#8221; column_padding_position=&#8221;all&#8221; column_element_direction_desktop=&#8221;default&#8221; column_element_spacing=&#8221;default&#8221; desktop_text_alignment=&#8221;default&#8221; tablet_text_alignment=&#8221;default&#8221; phone_text_alignment=&#8221;default&#8221; background_color_opacity=&#8221;1&#8243; background_hover_color_opacity=&#8221;1&#8243; column_backdrop_filter=&#8221;none&#8221; column_shadow=&#8221;none&#8221; column_border_radius=&#8221;none&#8221; column_link_target=&#8221;_self&#8221; overflow=&#8221;visible&#8221; gradient_direction=&#8221;left_to_right&#8221; overlay_strength=&#8221;0.3&#8243; width=&#8221;1\/2&#8243; tablet_width_inherit=&#8221;default&#8221; animation_type=&#8221;default&#8221; bg_image_animation=&#8221;none&#8221; border_type=&#8221;simple&#8221; column_border_width=&#8221;none&#8221; column_border_style=&#8221;solid&#8221;][image_with_animation image_url=&#8221;628&#8243; image_size=&#8221;full&#8221; animation_type=&#8221;entrance&#8221; animation=&#8221;None&#8221; animation_movement_type=&#8221;transform_y&#8221; hover_animation=&#8221;zoom&#8221; alignment=&#8221;center&#8221; img_link_large=&#8221;yes&#8221; border_radius=&#8221;5px&#8221; box_shadow=&#8221;medium_depth&#8221; image_loading=&#8221;default&#8221; max_width=&#8221;100%&#8221; max_width_mobile=&#8221;default&#8221;][\/vc_column_inner][vc_column_inner column_padding=&#8221;no-extra-padding&#8221; column_padding_tablet=&#8221;inherit&#8221; column_padding_phone=&#8221;inherit&#8221; column_padding_position=&#8221;all&#8221; column_element_direction_desktop=&#8221;default&#8221; column_element_spacing=&#8221;default&#8221; desktop_text_alignment=&#8221;default&#8221; tablet_text_alignment=&#8221;default&#8221; phone_text_alignment=&#8221;default&#8221; background_color_opacity=&#8221;1&#8243; background_hover_color_opacity=&#8221;1&#8243; column_backdrop_filter=&#8221;none&#8221; column_shadow=&#8221;none&#8221; column_border_radius=&#8221;none&#8221; column_link_target=&#8221;_self&#8221; overflow=&#8221;visible&#8221; gradient_direction=&#8221;left_to_right&#8221; overlay_strength=&#8221;0.3&#8243; width=&#8221;1\/2&#8243; tablet_width_inherit=&#8221;default&#8221; animation_type=&#8221;default&#8221; bg_image_animation=&#8221;none&#8221; border_type=&#8221;simple&#8221; column_border_width=&#8221;none&#8221; column_border_style=&#8221;solid&#8221;][image_with_animation image_url=&#8221;630&#8243; image_size=&#8221;full&#8221; animation_type=&#8221;entrance&#8221; animation=&#8221;None&#8221; animation_movement_type=&#8221;transform_y&#8221; hover_animation=&#8221;zoom&#8221; alignment=&#8221;center&#8221; img_link_large=&#8221;yes&#8221; border_radius=&#8221;5px&#8221; box_shadow=&#8221;medium_depth&#8221; image_loading=&#8221;default&#8221; max_width=&#8221;100%&#8221; max_width_mobile=&#8221;default&#8221;][\/vc_column_inner][\/vc_row_inner][\/vc_column][vc_column column_padding=&#8221;no-extra-padding&#8221; column_padding_tablet=&#8221;inherit&#8221; column_padding_phone=&#8221;inherit&#8221; column_padding_position=&#8221;all&#8221; column_element_direction_desktop=&#8221;default&#8221; column_element_spacing=&#8221;default&#8221; desktop_text_alignment=&#8221;default&#8221; tablet_text_alignment=&#8221;default&#8221; phone_text_alignment=&#8221;default&#8221; sticky_content=&#8221;true&#8221; sticky_content_functionality=&#8221;js&#8221; background_color_opacity=&#8221;1&#8243; background_hover_color_opacity=&#8221;1&#8243; column_backdrop_filter=&#8221;none&#8221; column_shadow=&#8221;none&#8221; column_border_radius=&#8221;none&#8221; column_link_target=&#8221;_self&#8221; column_position=&#8221;default&#8221; gradient_direction=&#8221;left_to_right&#8221; overlay_strength=&#8221;0.3&#8243; width=&#8221;1\/2&#8243; tablet_width_inherit=&#8221;default&#8221; animation_type=&#8221;default&#8221; bg_image_animation=&#8221;none&#8221; border_type=&#8221;simple&#8221; column_border_width=&#8221;none&#8221; column_border_style=&#8221;solid&#8221; column_padding_type=&#8221;default&#8221; gradient_type=&#8221;default&#8221;][split_line_heading animation_type=&#8221;line-reveal-by-space&#8221; font_style=&#8221;h3&#8243; line_reveal_by_space_text_effect=&#8221;default&#8221; stagger_animation=&#8221;true&#8221; content_alignment=&#8221;default&#8221; mobile_content_alignment=&#8221;inherit&#8221; link_target=&#8221;_self&#8221; text_content=&#8221;Contains:&#8221;][\/split_line_heading][vc_column_text]Finding your undertones, contrast, your color type based on the 12 seasons.<\/p>\n<p>What you will receive after the analysis:<\/p>\n<ul>\n<li>A summary of your natural coloring.<\/li>\n<li>A digital palette with over 40 colors.<\/li>\n<li>A mini e-book that includes basic information about your color type, several color combinations for clothing, what colors to avoid, what patterns to wear, several colors for makeup, hair color inspiration.<\/li>\n<\/ul>\n<ul>\n<li>A physical color palette based on your season, with more than 50 colors sent to your address. Price: 10 \u20ac (optional)<\/li>\n<\/ul>\n[\/vc_column_text][\/vc_column][\/vc_row]\n","protected":false},"excerpt":{"rendered":"<p><strong>The results of the analysis will be sent to your email within 7 working days from the delivery of all necessary documents.<\/strong><\/p>\n<p>Finding your undertones, contrast, your color type based on 12 subcategories.<\/p>\n","protected":false},"featured_media":415,"comment_status":"closed","ping_status":"closed","template":"","meta":[],"product_cat":[25],"product_tag":[],"class_list":{"0":"post-724","1":"product","2":"type-product","3":"status-publish","4":"has-post-thumbnail","6":"product_cat-uncategorized","8":"first","9":"instock","10":"taxable","11":"shipping-taxable","12":"purchasable","13":"product-type-simple"},"yoast_head":"<!-- This site is optimized with the Yoast SEO Premium plugin v24.1 (Yoast SEO v25.8) - https:\/\/yoast.com\/wordpress\/plugins\/seo\/ -->\n<title>Online colour analysis - HARMONY | Koloristika<\/title>\n<meta name=\"robots\" content=\"index, follow, max-snippet:-1, max-image-preview:large, max-video-preview:-1\" \/>\n<link rel=\"canonical\" href=\"https:\/\/koloristika.eu\/en\/produkt\/online-colour-analysis-harmony\/\" \/>\n<meta property=\"og:locale\" content=\"en_US\" \/>\n<meta property=\"og:type\" content=\"article\" \/>\n<meta property=\"og:title\" content=\"Online colour analysis - HARMONY\" \/>\n<meta property=\"og:description\" content=\"The results of the analysis will be sent to your email within 7 working days from the delivery of all necessary documents.  Finding your undertones, contrast, your color type based on 12 subcategories.\" \/>\n<meta property=\"og:url\" content=\"https:\/\/koloristika.eu\/en\/produkt\/online-colour-analysis-harmony\/\" \/>\n<meta property=\"og:site_name\" content=\"Koloristika\" \/>\n<meta property=\"article:publisher\" content=\"https:\/\/www.facebook.com\/koloristika.eu\" \/>\n<meta property=\"article:modified_time\" content=\"2023-11-08T17:23:44+00:00\" \/>\n<meta property=\"og:image\" content=\"https:\/\/koloristika.eu\/wp-content\/uploads\/2023\/11\/harmona.webp\" \/>\n\t<meta property=\"og:image:width\" content=\"1080\" \/>\n\t<meta property=\"og:image:height\" content=\"1080\" \/>\n\t<meta property=\"og:image:type\" content=\"image\/webp\" \/>\n<meta name=\"twitter:card\" content=\"summary_large_image\" \/>\n<meta name=\"twitter:label1\" content=\"Est. reading time\" \/>\n\t<meta name=\"twitter:data1\" content=\"3 minutes\" \/>\n<script type=\"application\/ld+json\" class=\"yoast-schema-graph\">{\"@context\":\"https:\/\/schema.org\",\"@graph\":[{\"@type\":\"WebPage\",\"@id\":\"https:\/\/koloristika.eu\/en\/produkt\/online-colour-analysis-harmony\/\",\"url\":\"https:\/\/koloristika.eu\/en\/produkt\/online-colour-analysis-harmony\/\",\"name\":\"Online colour analysis - HARMONY | Koloristika\",\"isPartOf\":{\"@id\":\"https:\/\/koloristika.eu\/en\/#website\"},\"primaryImageOfPage\":{\"@id\":\"https:\/\/koloristika.eu\/en\/produkt\/online-colour-analysis-harmony\/#primaryimage\"},\"image\":{\"@id\":\"https:\/\/koloristika.eu\/en\/produkt\/online-colour-analysis-harmony\/#primaryimage\"},\"thumbnailUrl\":\"https:\/\/koloristika.eu\/wp-content\/uploads\/2023\/11\/harmona.webp\",\"datePublished\":\"2023-11-01T16:04:36+00:00\",\"dateModified\":\"2023-11-08T17:23:44+00:00\",\"breadcrumb\":{\"@id\":\"https:\/\/koloristika.eu\/en\/produkt\/online-colour-analysis-harmony\/#breadcrumb\"},\"inLanguage\":\"en-US\",\"potentialAction\":[{\"@type\":\"ReadAction\",\"target\":[\"https:\/\/koloristika.eu\/en\/produkt\/online-colour-analysis-harmony\/\"]}]},{\"@type\":\"ImageObject\",\"inLanguage\":\"en-US\",\"@id\":\"https:\/\/koloristika.eu\/en\/produkt\/online-colour-analysis-harmony\/#primaryimage\",\"url\":\"https:\/\/koloristika.eu\/wp-content\/uploads\/2023\/11\/harmona.webp\",\"contentUrl\":\"https:\/\/koloristika.eu\/wp-content\/uploads\/2023\/11\/harmona.webp\",\"width\":1080,\"height\":1080},{\"@type\":\"BreadcrumbList\",\"@id\":\"https:\/\/koloristika.eu\/en\/produkt\/online-colour-analysis-harmony\/#breadcrumb\",\"itemListElement\":[{\"@type\":\"ListItem\",\"position\":1,\"name\":\"Home\",\"item\":\"https:\/\/koloristika.eu\/en\/\"},{\"@type\":\"ListItem\",\"position\":2,\"name\":\"Shop\",\"item\":\"https:\/\/koloristika.eu\/en\/shop\/\"},{\"@type\":\"ListItem\",\"position\":3,\"name\":\"Online colour analysis &#8211; HARMONY\"}]},{\"@type\":\"WebSite\",\"@id\":\"https:\/\/koloristika.eu\/en\/#website\",\"url\":\"https:\/\/koloristika.eu\/en\/\",\"name\":\"Koloristika s Barborou\",\"description\":\"Nechajte za\u017eiari\u0165 svoju prirodzen\u00fa kr\u00e1su!\",\"publisher\":{\"@id\":\"https:\/\/koloristika.eu\/en\/#organization\"},\"alternateName\":\"Koloristika.eu\",\"potentialAction\":[{\"@type\":\"SearchAction\",\"target\":{\"@type\":\"EntryPoint\",\"urlTemplate\":\"https:\/\/koloristika.eu\/en\/?s={search_term_string}\"},\"query-input\":{\"@type\":\"PropertyValueSpecification\",\"valueRequired\":true,\"valueName\":\"search_term_string\"}}],\"inLanguage\":\"en-US\"},{\"@type\":\"Organization\",\"@id\":\"https:\/\/koloristika.eu\/en\/#organization\",\"name\":\"Koloristika s Barborou\",\"alternateName\":\"Koloristika.eu\",\"url\":\"https:\/\/koloristika.eu\/en\/\",\"logo\":{\"@type\":\"ImageObject\",\"inLanguage\":\"en-US\",\"@id\":\"https:\/\/koloristika.eu\/en\/#\/schema\/logo\/image\/\",\"url\":\"https:\/\/koloristika.eu\/wp-content\/uploads\/2023\/05\/koloristika-logo-google.jpg\",\"contentUrl\":\"https:\/\/koloristika.eu\/wp-content\/uploads\/2023\/05\/koloristika-logo-google.jpg\",\"width\":1080,\"height\":1080,\"caption\":\"Koloristika s Barborou\"},\"image\":{\"@id\":\"https:\/\/koloristika.eu\/en\/#\/schema\/logo\/image\/\"},\"sameAs\":[\"https:\/\/www.facebook.com\/koloristika.eu\",\"https:\/\/youtube.com\/@KoloristikasBarborou\",\"https:\/\/instagram.com\/koloristika.eu?igshid=NGExMmI2YTkyZg==\"]}]}<\/script>\n<!-- \/ Yoast SEO Premium plugin. -->","yoast_head_json":{"title":"Online colour analysis - HARMONY | Koloristika","robots":{"index":"index","follow":"follow","max-snippet":"max-snippet:-1","max-image-preview":"max-image-preview:large","max-video-preview":"max-video-preview:-1"},"canonical":"https:\/\/koloristika.eu\/en\/produkt\/online-colour-analysis-harmony\/","og_locale":"en_US","og_type":"article","og_title":"Online colour analysis - HARMONY","og_description":"The results of the analysis will be sent to your email within 7 working days from the delivery of all necessary documents.  Finding your undertones, contrast, your color type based on 12 subcategories.","og_url":"https:\/\/koloristika.eu\/en\/produkt\/online-colour-analysis-harmony\/","og_site_name":"Koloristika","article_publisher":"https:\/\/www.facebook.com\/koloristika.eu","article_modified_time":"2023-11-08T17:23:44+00:00","og_image":[{"width":1080,"height":1080,"url":"https:\/\/koloristika.eu\/wp-content\/uploads\/2023\/11\/harmona.webp","type":"image\/webp"}],"twitter_card":"summary_large_image","twitter_misc":{"Est. reading time":"3 minutes"},"schema":{"@context":"https:\/\/schema.org","@graph":[{"@type":"WebPage","@id":"https:\/\/koloristika.eu\/en\/produkt\/online-colour-analysis-harmony\/","url":"https:\/\/koloristika.eu\/en\/produkt\/online-colour-analysis-harmony\/","name":"Online colour analysis - HARMONY | Koloristika","isPartOf":{"@id":"https:\/\/koloristika.eu\/en\/#website"},"primaryImageOfPage":{"@id":"https:\/\/koloristika.eu\/en\/produkt\/online-colour-analysis-harmony\/#primaryimage"},"image":{"@id":"https:\/\/koloristika.eu\/en\/produkt\/online-colour-analysis-harmony\/#primaryimage"},"thumbnailUrl":"https:\/\/koloristika.eu\/wp-content\/uploads\/2023\/11\/harmona.webp","datePublished":"2023-11-01T16:04:36+00:00","dateModified":"2023-11-08T17:23:44+00:00","breadcrumb":{"@id":"https:\/\/koloristika.eu\/en\/produkt\/online-colour-analysis-harmony\/#breadcrumb"},"inLanguage":"en-US","potentialAction":[{"@type":"ReadAction","target":["https:\/\/koloristika.eu\/en\/produkt\/online-colour-analysis-harmony\/"]}]},{"@type":"ImageObject","inLanguage":"en-US","@id":"https:\/\/koloristika.eu\/en\/produkt\/online-colour-analysis-harmony\/#primaryimage","url":"https:\/\/koloristika.eu\/wp-content\/uploads\/2023\/11\/harmona.webp","contentUrl":"https:\/\/koloristika.eu\/wp-content\/uploads\/2023\/11\/harmona.webp","width":1080,"height":1080},{"@type":"BreadcrumbList","@id":"https:\/\/koloristika.eu\/en\/produkt\/online-colour-analysis-harmony\/#breadcrumb","itemListElement":[{"@type":"ListItem","position":1,"name":"Home","item":"https:\/\/koloristika.eu\/en\/"},{"@type":"ListItem","position":2,"name":"Shop","item":"https:\/\/koloristika.eu\/en\/shop\/"},{"@type":"ListItem","position":3,"name":"Online colour analysis &#8211; HARMONY"}]},{"@type":"WebSite","@id":"https:\/\/koloristika.eu\/en\/#website","url":"https:\/\/koloristika.eu\/en\/","name":"Koloristika s Barborou","description":"Nechajte za\u017eiari\u0165 svoju prirodzen\u00fa kr\u00e1su!","publisher":{"@id":"https:\/\/koloristika.eu\/en\/#organization"},"alternateName":"Koloristika.eu","potentialAction":[{"@type":"SearchAction","target":{"@type":"EntryPoint","urlTemplate":"https:\/\/koloristika.eu\/en\/?s={search_term_string}"},"query-input":{"@type":"PropertyValueSpecification","valueRequired":true,"valueName":"search_term_string"}}],"inLanguage":"en-US"},{"@type":"Organization","@id":"https:\/\/koloristika.eu\/en\/#organization","name":"Koloristika s Barborou","alternateName":"Koloristika.eu","url":"https:\/\/koloristika.eu\/en\/","logo":{"@type":"ImageObject","inLanguage":"en-US","@id":"https:\/\/koloristika.eu\/en\/#\/schema\/logo\/image\/","url":"https:\/\/koloristika.eu\/wp-content\/uploads\/2023\/05\/koloristika-logo-google.jpg","contentUrl":"https:\/\/koloristika.eu\/wp-content\/uploads\/2023\/05\/koloristika-logo-google.jpg","width":1080,"height":1080,"caption":"Koloristika s Barborou"},"image":{"@id":"https:\/\/koloristika.eu\/en\/#\/schema\/logo\/image\/"},"sameAs":["https:\/\/www.facebook.com\/koloristika.eu","https:\/\/youtube.com\/@KoloristikasBarborou","https:\/\/instagram.com\/koloristika.eu?igshid=NGExMmI2YTkyZg=="]}]}},"_links":{"self":[{"href":"https:\/\/koloristika.eu\/en\/wp-json\/wp\/v2\/product\/724","targetHints":{"allow":["GET"]}}],"collection":[{"href":"https:\/\/koloristika.eu\/en\/wp-json\/wp\/v2\/product"}],"about":[{"href":"https:\/\/koloristika.eu\/en\/wp-json\/wp\/v2\/types\/product"}],"replies":[{"embeddable":true,"href":"https:\/\/koloristika.eu\/en\/wp-json\/wp\/v2\/comments?post=724"}],"wp:featuredmedia":[{"embeddable":true,"href":"https:\/\/koloristika.eu\/en\/wp-json\/wp\/v2\/media\/415"}],"wp:attachment":[{"href":"https:\/\/koloristika.eu\/en\/wp-json\/wp\/v2\/media?parent=724"}],"wp:term":[{"taxonomy":"product_cat","embeddable":true,"href":"https:\/\/koloristika.eu\/en\/wp-json\/wp\/v2\/product_cat?post=724"},{"taxonomy":"product_tag","embeddable":true,"href":"https:\/\/koloristika.eu\/en\/wp-json\/wp\/v2\/product_tag?post=724"}],"curies":[{"name":"wp","href":"https:\/\/api.w.org\/{rel}","templated":true}]}}