{"id":211,"date":"2023-05-28T18:28:39","date_gmt":"2023-05-28T16:28:39","guid":{"rendered":"https:\/\/koloristika.eu\/blog\/"},"modified":"2023-05-30T16:13:12","modified_gmt":"2023-05-30T14:13:12","slug":"blog","status":"publish","type":"page","link":"https:\/\/koloristika.eu\/en\/blog\/","title":{"rendered":"Blog"},"content":{"rendered":"[vc_row type=&#8221;in_container&#8221; full_screen_row_position=&#8221;middle&#8221; column_margin=&#8221;default&#8221; column_direction=&#8221;default&#8221; column_direction_tablet=&#8221;default&#8221; column_direction_phone=&#8221;default&#8221; scene_position=&#8221;center&#8221; top_padding=&#8221;6%&#8221; bottom_padding=&#8221;6%&#8221; top_padding_tablet=&#8221;12%&#8221; bottom_padding_tablet=&#8221;12%&#8221; top_padding_phone=&#8221;10vh&#8221; bottom_padding_phone=&#8221;10vh&#8221; text_color=&#8221;dark&#8221; text_align=&#8221;left&#8221; row_border_radius=&#8221;none&#8221; row_border_radius_applies=&#8221;bg&#8221; overflow=&#8221;visible&#8221; overlay_strength=&#8221;0.3&#8243; gradient_direction=&#8221;left_to_right&#8221; shape_divider_position=&#8221;bottom&#8221; bg_image_animation=&#8221;none&#8221; gradient_type=&#8221;default&#8221; shape_type=&#8221;&#8221;][vc_column column_padding=&#8221;no-extra-padding&#8221; column_padding_tablet=&#8221;inherit&#8221; column_padding_phone=&#8221;inherit&#8221; column_padding_position=&#8221;all&#8221; column_element_direction_desktop=&#8221;default&#8221; column_element_spacing=&#8221;default&#8221; desktop_text_alignment=&#8221;default&#8221; tablet_text_alignment=&#8221;default&#8221; phone_text_alignment=&#8221;default&#8221; background_color_opacity=&#8221;1&#8243; background_hover_color_opacity=&#8221;1&#8243; column_backdrop_filter=&#8221;none&#8221; column_shadow=&#8221;none&#8221; column_border_radius=&#8221;none&#8221; column_link_target=&#8221;_self&#8221; column_position=&#8221;default&#8221; gradient_direction=&#8221;left_to_right&#8221; overlay_strength=&#8221;0.3&#8243; width=&#8221;1\/1&#8243; tablet_width_inherit=&#8221;default&#8221; animation_type=&#8221;default&#8221; bg_image_animation=&#8221;none&#8221; border_type=&#8221;simple&#8221; column_border_width=&#8221;none&#8221; column_border_style=&#8221;solid&#8221;][nectar_blog layout=&#8221;masonry-blog-fullwidth&#8221; blog_masonry_style=&#8221;auto_meta_overlaid_spaced&#8221; auto_masonry_spacing=&#8221;12px&#8221; load_in_animation=&#8221;fade_in_from_bottom&#8221; category=&#8221;all&#8221; enable_pagination=&#8221;true&#8221; pagination_type=&#8221;default&#8221; order=&#8221;DESC&#8221; orderby=&#8221;date&#8221; blog_remove_post_date=&#8221;true&#8221; blog_remove_post_author=&#8221;true&#8221; blog_remove_post_comment_number=&#8221;true&#8221; blog_remove_post_nectar_love=&#8221;true&#8221; posts_per_page=&#8221;12&#8243;][\/vc_column][\/vc_row]\n","protected":false},"excerpt":{"rendered":"<p>[vc_row type=&#8221;in_container&#8221; full_screen_row_position=&#8221;middle&#8221; column_margin=&#8221;default&#8221; column_direction=&#8221;default&#8221; column_direction_tablet=&#8221;default&#8221; column_direction_phone=&#8221;default&#8221; scene_position=&#8221;center&#8221; top_padding=&#8221;6%&#8221; bottom_padding=&#8221;6%&#8221; top_padding_tablet=&#8221;12%&#8221; bottom_padding_tablet=&#8221;12%&#8221; top_padding_phone=&#8221;10vh&#8221; bottom_padding_phone=&#8221;10vh&#8221; text_color=&#8221;dark&#8221; text_align=&#8221;left&#8221; row_border_radius=&#8221;none&#8221; row_border_radius_applies=&#8221;bg&#8221; overflow=&#8221;visible&#8221; overlay_strength=&#8221;0.3&#8243; gradient_direction=&#8221;left_to_right&#8221; shape_divider_position=&#8221;bottom&#8221; bg_image_animation=&#8221;none&#8221; gradient_type=&#8221;default&#8221; shape_type=&#8221;&#8221;][vc_column column_padding=&#8221;no-extra-padding&#8221; column_padding_tablet=&#8221;inherit&#8221; column_padding_phone=&#8221;inherit&#8221; column_padding_position=&#8221;all&#8221; column_element_direction_desktop=&#8221;default&#8221;&#8230;<\/p>\n","protected":false},"author":1,"featured_media":0,"parent":0,"menu_order":0,"comment_status":"closed","ping_status":"closed","template":"","meta":{"footnotes":""},"class_list":["post-211","page","type-page","status-publish"],"yoast_head":"<!-- This site is optimized with the Yoast SEO Premium plugin v24.1 (Yoast SEO v25.8) - https:\/\/yoast.com\/wordpress\/plugins\/seo\/ -->\n<title>Blog | Koloristika<\/title>\n<meta name=\"robots\" content=\"index, follow, max-snippet:-1, max-image-preview:large, max-video-preview:-1\" \/>\n<link rel=\"canonical\" href=\"https:\/\/koloristika.eu\/en\/blog\/\" \/>\n<meta property=\"og:locale\" content=\"en_US\" \/>\n<meta property=\"og:type\" content=\"article\" \/>\n<meta property=\"og:title\" content=\"Blog\" \/>\n<meta property=\"og:description\" content=\"[vc_row type=&#8221;in_container&#8221; full_screen_row_position=&#8221;middle&#8221; column_margin=&#8221;default&#8221; column_direction=&#8221;default&#8221; column_direction_tablet=&#8221;default&#8221; column_direction_phone=&#8221;default&#8221; scene_position=&#8221;center&#8221; top_padding=&#8221;6%&#8221; bottom_padding=&#8221;6%&#8221; top_padding_tablet=&#8221;12%&#8221; bottom_padding_tablet=&#8221;12%&#8221; top_padding_phone=&#8221;10vh&#8221; bottom_padding_phone=&#8221;10vh&#8221; text_color=&#8221;dark&#8221; text_align=&#8221;left&#8221; row_border_radius=&#8221;none&#8221; row_border_radius_applies=&#8221;bg&#8221; overflow=&#8221;visible&#8221; overlay_strength=&#8221;0.3&#8243; gradient_direction=&#8221;left_to_right&#8221; shape_divider_position=&#8221;bottom&#8221; bg_image_animation=&#8221;none&#8221; gradient_type=&#8221;default&#8221; shape_type=&#8221;&#8221;][vc_column column_padding=&#8221;no-extra-padding&#8221; column_padding_tablet=&#8221;inherit&#8221; column_padding_phone=&#8221;inherit&#8221; column_padding_position=&#8221;all&#8221; column_element_direction_desktop=&#8221;default&#8221;...\" \/>\n<meta property=\"og:url\" content=\"https:\/\/koloristika.eu\/en\/blog\/\" \/>\n<meta property=\"og:site_name\" content=\"Koloristika\" \/>\n<meta property=\"article:publisher\" content=\"https:\/\/www.facebook.com\/koloristika.eu\" \/>\n<meta property=\"article:modified_time\" content=\"2023-05-30T14:13:12+00:00\" \/>\n<meta property=\"og:image\" content=\"https:\/\/koloristika.eu\/wp-content\/uploads\/2023\/05\/koloristika-google.jpg\" \/>\n\t<meta property=\"og:image:width\" content=\"1920\" \/>\n\t<meta property=\"og:image:height\" content=\"1080\" \/>\n\t<meta property=\"og:image:type\" content=\"image\/jpeg\" \/>\n<meta name=\"twitter:card\" content=\"summary_large_image\" \/>\n<meta name=\"twitter:label1\" content=\"Est. reading time\" \/>\n\t<meta name=\"twitter:data1\" content=\"1 minute\" \/>\n<script type=\"application\/ld+json\" class=\"yoast-schema-graph\">{\"@context\":\"https:\/\/schema.org\",\"@graph\":[{\"@type\":\"WebPage\",\"@id\":\"https:\/\/koloristika.eu\/en\/blog\/\",\"url\":\"https:\/\/koloristika.eu\/en\/blog\/\",\"name\":\"Blog | Koloristika\",\"isPartOf\":{\"@id\":\"https:\/\/koloristika.eu\/en\/#website\"},\"datePublished\":\"2023-05-28T16:28:39+00:00\",\"dateModified\":\"2023-05-30T14:13:12+00:00\",\"breadcrumb\":{\"@id\":\"https:\/\/koloristika.eu\/en\/blog\/#breadcrumb\"},\"inLanguage\":\"en-US\",\"potentialAction\":[{\"@type\":\"ReadAction\",\"target\":[\"https:\/\/koloristika.eu\/en\/blog\/\"]}]},{\"@type\":\"BreadcrumbList\",\"@id\":\"https:\/\/koloristika.eu\/en\/blog\/#breadcrumb\",\"itemListElement\":[{\"@type\":\"ListItem\",\"position\":1,\"name\":\"Home\",\"item\":\"https:\/\/koloristika.eu\/en\/\"},{\"@type\":\"ListItem\",\"position\":2,\"name\":\"Blog\"}]},{\"@type\":\"WebSite\",\"@id\":\"https:\/\/koloristika.eu\/en\/#website\",\"url\":\"https:\/\/koloristika.eu\/en\/\",\"name\":\"Koloristika s Barborou\",\"description\":\"Nechajte za\u017eiari\u0165 svoju prirodzen\u00fa kr\u00e1su!\",\"publisher\":{\"@id\":\"https:\/\/koloristika.eu\/en\/#organization\"},\"alternateName\":\"Koloristika.eu\",\"potentialAction\":[{\"@type\":\"SearchAction\",\"target\":{\"@type\":\"EntryPoint\",\"urlTemplate\":\"https:\/\/koloristika.eu\/en\/?s={search_term_string}\"},\"query-input\":{\"@type\":\"PropertyValueSpecification\",\"valueRequired\":true,\"valueName\":\"search_term_string\"}}],\"inLanguage\":\"en-US\"},{\"@type\":\"Organization\",\"@id\":\"https:\/\/koloristika.eu\/en\/#organization\",\"name\":\"Koloristika s Barborou\",\"alternateName\":\"Koloristika.eu\",\"url\":\"https:\/\/koloristika.eu\/en\/\",\"logo\":{\"@type\":\"ImageObject\",\"inLanguage\":\"en-US\",\"@id\":\"https:\/\/koloristika.eu\/en\/#\/schema\/logo\/image\/\",\"url\":\"https:\/\/koloristika.eu\/wp-content\/uploads\/2023\/05\/koloristika-logo-google.jpg\",\"contentUrl\":\"https:\/\/koloristika.eu\/wp-content\/uploads\/2023\/05\/koloristika-logo-google.jpg\",\"width\":1080,\"height\":1080,\"caption\":\"Koloristika s Barborou\"},\"image\":{\"@id\":\"https:\/\/koloristika.eu\/en\/#\/schema\/logo\/image\/\"},\"sameAs\":[\"https:\/\/www.facebook.com\/koloristika.eu\",\"https:\/\/youtube.com\/@KoloristikasBarborou\",\"https:\/\/instagram.com\/koloristika.eu?igshid=NGExMmI2YTkyZg==\"]}]}<\/script>\n<!-- \/ Yoast SEO Premium plugin. -->","yoast_head_json":{"title":"Blog | Koloristika","robots":{"index":"index","follow":"follow","max-snippet":"max-snippet:-1","max-image-preview":"max-image-preview:large","max-video-preview":"max-video-preview:-1"},"canonical":"https:\/\/koloristika.eu\/en\/blog\/","og_locale":"en_US","og_type":"article","og_title":"Blog","og_description":"[vc_row type=&#8221;in_container&#8221; full_screen_row_position=&#8221;middle&#8221; column_margin=&#8221;default&#8221; column_direction=&#8221;default&#8221; column_direction_tablet=&#8221;default&#8221; column_direction_phone=&#8221;default&#8221; scene_position=&#8221;center&#8221; top_padding=&#8221;6%&#8221; bottom_padding=&#8221;6%&#8221; top_padding_tablet=&#8221;12%&#8221; bottom_padding_tablet=&#8221;12%&#8221; top_padding_phone=&#8221;10vh&#8221; bottom_padding_phone=&#8221;10vh&#8221; text_color=&#8221;dark&#8221; text_align=&#8221;left&#8221; row_border_radius=&#8221;none&#8221; row_border_radius_applies=&#8221;bg&#8221; overflow=&#8221;visible&#8221; overlay_strength=&#8221;0.3&#8243; gradient_direction=&#8221;left_to_right&#8221; shape_divider_position=&#8221;bottom&#8221; bg_image_animation=&#8221;none&#8221; gradient_type=&#8221;default&#8221; shape_type=&#8221;&#8221;][vc_column column_padding=&#8221;no-extra-padding&#8221; column_padding_tablet=&#8221;inherit&#8221; column_padding_phone=&#8221;inherit&#8221; column_padding_position=&#8221;all&#8221; column_element_direction_desktop=&#8221;default&#8221;...","og_url":"https:\/\/koloristika.eu\/en\/blog\/","og_site_name":"Koloristika","article_publisher":"https:\/\/www.facebook.com\/koloristika.eu","article_modified_time":"2023-05-30T14:13:12+00:00","og_image":[{"width":1920,"height":1080,"url":"https:\/\/koloristika.eu\/wp-content\/uploads\/2023\/05\/koloristika-google.jpg","type":"image\/jpeg"}],"twitter_card":"summary_large_image","twitter_misc":{"Est. reading time":"1 minute"},"schema":{"@context":"https:\/\/schema.org","@graph":[{"@type":"WebPage","@id":"https:\/\/koloristika.eu\/en\/blog\/","url":"https:\/\/koloristika.eu\/en\/blog\/","name":"Blog | Koloristika","isPartOf":{"@id":"https:\/\/koloristika.eu\/en\/#website"},"datePublished":"2023-05-28T16:28:39+00:00","dateModified":"2023-05-30T14:13:12+00:00","breadcrumb":{"@id":"https:\/\/koloristika.eu\/en\/blog\/#breadcrumb"},"inLanguage":"en-US","potentialAction":[{"@type":"ReadAction","target":["https:\/\/koloristika.eu\/en\/blog\/"]}]},{"@type":"BreadcrumbList","@id":"https:\/\/koloristika.eu\/en\/blog\/#breadcrumb","itemListElement":[{"@type":"ListItem","position":1,"name":"Home","item":"https:\/\/koloristika.eu\/en\/"},{"@type":"ListItem","position":2,"name":"Blog"}]},{"@type":"WebSite","@id":"https:\/\/koloristika.eu\/en\/#website","url":"https:\/\/koloristika.eu\/en\/","name":"Koloristika s Barborou","description":"Nechajte za\u017eiari\u0165 svoju prirodzen\u00fa kr\u00e1su!","publisher":{"@id":"https:\/\/koloristika.eu\/en\/#organization"},"alternateName":"Koloristika.eu","potentialAction":[{"@type":"SearchAction","target":{"@type":"EntryPoint","urlTemplate":"https:\/\/koloristika.eu\/en\/?s={search_term_string}"},"query-input":{"@type":"PropertyValueSpecification","valueRequired":true,"valueName":"search_term_string"}}],"inLanguage":"en-US"},{"@type":"Organization","@id":"https:\/\/koloristika.eu\/en\/#organization","name":"Koloristika s Barborou","alternateName":"Koloristika.eu","url":"https:\/\/koloristika.eu\/en\/","logo":{"@type":"ImageObject","inLanguage":"en-US","@id":"https:\/\/koloristika.eu\/en\/#\/schema\/logo\/image\/","url":"https:\/\/koloristika.eu\/wp-content\/uploads\/2023\/05\/koloristika-logo-google.jpg","contentUrl":"https:\/\/koloristika.eu\/wp-content\/uploads\/2023\/05\/koloristika-logo-google.jpg","width":1080,"height":1080,"caption":"Koloristika s Barborou"},"image":{"@id":"https:\/\/koloristika.eu\/en\/#\/schema\/logo\/image\/"},"sameAs":["https:\/\/www.facebook.com\/koloristika.eu","https:\/\/youtube.com\/@KoloristikasBarborou","https:\/\/instagram.com\/koloristika.eu?igshid=NGExMmI2YTkyZg=="]}]}},"_links":{"self":[{"href":"https:\/\/koloristika.eu\/en\/wp-json\/wp\/v2\/pages\/211","targetHints":{"allow":["GET"]}}],"collection":[{"href":"https:\/\/koloristika.eu\/en\/wp-json\/wp\/v2\/pages"}],"about":[{"href":"https:\/\/koloristika.eu\/en\/wp-json\/wp\/v2\/types\/page"}],"author":[{"embeddable":true,"href":"https:\/\/koloristika.eu\/en\/wp-json\/wp\/v2\/users\/1"}],"replies":[{"embeddable":true,"href":"https:\/\/koloristika.eu\/en\/wp-json\/wp\/v2\/comments?post=211"}],"version-history":[{"count":1,"href":"https:\/\/koloristika.eu\/en\/wp-json\/wp\/v2\/pages\/211\/revisions"}],"predecessor-version":[{"id":212,"href":"https:\/\/koloristika.eu\/en\/wp-json\/wp\/v2\/pages\/211\/revisions\/212"}],"wp:attachment":[{"href":"https:\/\/koloristika.eu\/en\/wp-json\/wp\/v2\/media?parent=211"}],"curies":[{"name":"wp","href":"https:\/\/api.w.org\/{rel}","templated":true}]}}